{"id":92,"date":"2025-11-14T12:51:56","date_gmt":"2025-11-14T12:51:56","guid":{"rendered":"https:\/\/gombacska.hu\/?page_id=92"},"modified":"2026-01-09T12:36:41","modified_gmt":"2026-01-09T12:36:41","slug":"gombavizsgalat","status":"publish","type":"page","link":"https:\/\/gombacska.hu\/?page_id=92","title":{"rendered":"Gombavizsg\u00e1lat"},"content":{"rendered":"<p class=\"has-black-color has-text-color has-link-color has-normal-font-size wp-elements-afce04c2cf84d9c61839329ed4ef7fd7\">A vadon gy\u0171jt\u00f6tt gomb\u00e1kn\u00e1l kiemelten fontos a gomba bevizsg\u00e1l\u00e1sa, enged\u00e9llyel rendelkez\u0151 gomba-szakellen\u0151rrel.<\/p><p class=\"has-black-color has-text-color has-link-color has-normal-font-size wp-elements-70e6c74656a0ad90054ce5257bbe0f55\">Gomba-szakellen\u0151r neve: Mikola S\u00e1ndor<\/p><p class=\"has-black-color has-text-color has-link-color has-normal-font-size wp-elements-9dc9eb01642f88dcce5bbd04547f614f\">Gomaba-szakellen\u0151r nyilv\u00e1ntart\u00e1si sz\u00e1ma: 101-0204-300917-0875<\/p><p class=\"has-black-color has-text-color has-link-color has-normal-font-size wp-elements-c5f80306aadae6335e5694c1f3c96453\"><strong>Csak el\u0151zetes telefonos egyeztet\u00e9ssel<\/strong>, a +36 70\/261-9958. telefonsz\u00e1mon, (9:00-18:00 k\u00f6z\u00f6tt vagyok el\u00e9rhet\u0151). A vizsg\u00e1lat XX.ker\u00fcletben, Pesterzs\u00e9bet v\u00e1rosk\u00f6zpontt\u00f3l p\u00e1r percre t\u00f6rt\u00e9nik.<\/p><p class=\"has-black-color has-text-color has-link-color has-normal-font-size wp-elements-8cb177e918a0860ee2e21a8bb880f064\"> A gombavizsg\u00e1latra jelentkez\u00e9ssel tudom\u00e1sul veszi, hogy \u00e9tkez\u00e9sre alakalmatlan (m\u00e9rgez\u0151, t\u00f6red\u00e9kes, \u00f6reg, gyan\u00fas, er\u0151sen szennyezett stb.) p\u00e9ld\u00e1nyok megsemmis\u00edt\u00e9sre ker\u00fclnek! Tov\u00e1bb\u00e1, nem el\u00e9g csak 1-1 p\u00e9ld\u00e1nyt elhozni, a teljes t\u00e9telt \u00e1t kell vizsg\u00e1lni! A visszaadaott p\u00e9ld\u00e1nyokr\u00f3l f\u00e9nyk\u00e9pes napl\u00f3 k\u00e9sz\u00fcl!<\/p><p><\/p>","protected":false},"excerpt":{"rendered":"<p>A vadon gy\u0171jt\u00f6tt gomb\u00e1kn\u00e1l kiemelten fontos a gomba bevizsg\u00e1l\u00e1sa, enged\u00e9llyel rendelkez\u0151 gomba-szakellen\u0151rrel. Gomba-szakellen\u0151r neve: Mikola S\u00e1ndor Gomaba-szakellen\u0151r nyilv\u00e1ntart\u00e1si sz\u00e1ma: 101-0204-300917-0875 Csak el\u0151zetes telefonos egyeztet\u00e9ssel, a +36 70\/261-9958. telefonsz\u00e1mon, (9:00-18:00 k\u00f6z\u00f6tt vagyok el\u00e9rhet\u0151). A vizsg\u00e1lat XX.ker\u00fcletben, Pesterzs\u00e9bet v\u00e1rosk\u00f6zpontt\u00f3l p\u00e1r percre t\u00f6rt\u00e9nik. A gombavizsg\u00e1latra jelentkez\u00e9ssel tudom\u00e1sul veszi, hogy \u00e9tkez\u00e9sre alakalmatlan (m\u00e9rgez\u0151, t\u00f6red\u00e9kes, \u00f6reg, gyan\u00fas, er\u0151sen szennyezett stb.) [&hellip;]<\/p>\n","protected":false},"author":1,"featured_media":0,"parent":0,"menu_order":0,"comment_status":"closed","ping_status":"closed","template":"","meta":{"pagelayer_contact_templates":[],"_pagelayer_content":"","_monsterinsights_skip_tracking":false,"_monsterinsights_sitenote_active":false,"_monsterinsights_sitenote_note":"","_monsterinsights_sitenote_category":0,"footnotes":""},"class_list":["post-92","page","type-page","status-publish","hentry"],"yoast_head":"<!-- This site is optimized with the Yoast SEO plugin v26.3 - https:\/\/yoast.com\/wordpress\/plugins\/seo\/ -->\n<title>Gombavizsg\u00e1lat - Gomb\u00e1cska<\/title>\n<meta name=\"robots\" content=\"index, follow, max-snippet:-1, max-image-preview:large, max-video-preview:-1\" \/>\n<link rel=\"canonical\" href=\"https:\/\/gombacska.hu\/?page_id=92\" \/>\n<meta property=\"og:locale\" content=\"hu_HU\" \/>\n<meta property=\"og:type\" content=\"article\" \/>\n<meta property=\"og:title\" content=\"Gombavizsg\u00e1lat - Gomb\u00e1cska\" \/>\n<meta property=\"og:description\" content=\"A vadon gy\u0171jt\u00f6tt gomb\u00e1kn\u00e1l kiemelten fontos a gomba bevizsg\u00e1l\u00e1sa, enged\u00e9llyel rendelkez\u0151 gomba-szakellen\u0151rrel. Gomba-szakellen\u0151r neve: Mikola S\u00e1ndor Gomaba-szakellen\u0151r nyilv\u00e1ntart\u00e1si sz\u00e1ma: 101-0204-300917-0875 Csak el\u0151zetes telefonos egyeztet\u00e9ssel, a +36 70\/261-9958. telefonsz\u00e1mon, (9:00-18:00 k\u00f6z\u00f6tt vagyok el\u00e9rhet\u0151). A vizsg\u00e1lat XX.ker\u00fcletben, Pesterzs\u00e9bet v\u00e1rosk\u00f6zpontt\u00f3l p\u00e1r percre t\u00f6rt\u00e9nik. A gombavizsg\u00e1latra jelentkez\u00e9ssel tudom\u00e1sul veszi, hogy \u00e9tkez\u00e9sre alakalmatlan (m\u00e9rgez\u0151, t\u00f6red\u00e9kes, \u00f6reg, gyan\u00fas, er\u0151sen szennyezett stb.) [&hellip;]\" \/>\n<meta property=\"og:url\" content=\"https:\/\/gombacska.hu\/?page_id=92\" \/>\n<meta property=\"og:site_name\" content=\"Gomb\u00e1cska\" \/>\n<meta property=\"article:modified_time\" content=\"2026-01-09T12:36:41+00:00\" \/>\n<meta name=\"twitter:card\" content=\"summary_large_image\" \/>\n<meta name=\"twitter:label1\" content=\"Becs\u00fclt olvas\u00e1si id\u0151\" \/>\n\t<meta name=\"twitter:data1\" content=\"1 perc\" \/>\n<script type=\"application\/ld+json\" class=\"yoast-schema-graph\">{\"@context\":\"https:\/\/schema.org\",\"@graph\":[{\"@type\":\"WebPage\",\"@id\":\"https:\/\/gombacska.hu\/?page_id=92\",\"url\":\"https:\/\/gombacska.hu\/?page_id=92\",\"name\":\"Gombavizsg\u00e1lat - Gomb\u00e1cska\",\"isPartOf\":{\"@id\":\"https:\/\/gombacska.hu\/#website\"},\"datePublished\":\"2025-11-14T12:51:56+00:00\",\"dateModified\":\"2026-01-09T12:36:41+00:00\",\"breadcrumb\":{\"@id\":\"https:\/\/gombacska.hu\/?page_id=92#breadcrumb\"},\"inLanguage\":\"hu\",\"potentialAction\":[{\"@type\":\"ReadAction\",\"target\":[\"https:\/\/gombacska.hu\/?page_id=92\"]}]},{\"@type\":\"BreadcrumbList\",\"@id\":\"https:\/\/gombacska.hu\/?page_id=92#breadcrumb\",\"itemListElement\":[{\"@type\":\"ListItem\",\"position\":1,\"name\":\"Home\",\"item\":\"https:\/\/gombacska.hu\/\"},{\"@type\":\"ListItem\",\"position\":2,\"name\":\"Gombavizsg\u00e1lat\"}]},{\"@type\":\"WebSite\",\"@id\":\"https:\/\/gombacska.hu\/#website\",\"url\":\"https:\/\/gombacska.hu\/\",\"name\":\"Gomb\u00e1cska\",\"description\":\"Csal\u00e1di szedd magad manufakt\u00fara\",\"potentialAction\":[{\"@type\":\"SearchAction\",\"target\":{\"@type\":\"EntryPoint\",\"urlTemplate\":\"https:\/\/gombacska.hu\/?s={search_term_string}\"},\"query-input\":{\"@type\":\"PropertyValueSpecification\",\"valueRequired\":true,\"valueName\":\"search_term_string\"}}],\"inLanguage\":\"hu\"}]}<\/script>\n<!-- \/ Yoast SEO plugin. -->","yoast_head_json":{"title":"Gombavizsg\u00e1lat - Gomb\u00e1cska","robots":{"index":"index","follow":"follow","max-snippet":"max-snippet:-1","max-image-preview":"max-image-preview:large","max-video-preview":"max-video-preview:-1"},"canonical":"https:\/\/gombacska.hu\/?page_id=92","og_locale":"hu_HU","og_type":"article","og_title":"Gombavizsg\u00e1lat - Gomb\u00e1cska","og_description":"A vadon gy\u0171jt\u00f6tt gomb\u00e1kn\u00e1l kiemelten fontos a gomba bevizsg\u00e1l\u00e1sa, enged\u00e9llyel rendelkez\u0151 gomba-szakellen\u0151rrel. Gomba-szakellen\u0151r neve: Mikola S\u00e1ndor Gomaba-szakellen\u0151r nyilv\u00e1ntart\u00e1si sz\u00e1ma: 101-0204-300917-0875 Csak el\u0151zetes telefonos egyeztet\u00e9ssel, a +36 70\/261-9958. telefonsz\u00e1mon, (9:00-18:00 k\u00f6z\u00f6tt vagyok el\u00e9rhet\u0151). A vizsg\u00e1lat XX.ker\u00fcletben, Pesterzs\u00e9bet v\u00e1rosk\u00f6zpontt\u00f3l p\u00e1r percre t\u00f6rt\u00e9nik. A gombavizsg\u00e1latra jelentkez\u00e9ssel tudom\u00e1sul veszi, hogy \u00e9tkez\u00e9sre alakalmatlan (m\u00e9rgez\u0151, t\u00f6red\u00e9kes, \u00f6reg, gyan\u00fas, er\u0151sen szennyezett stb.) [&hellip;]","og_url":"https:\/\/gombacska.hu\/?page_id=92","og_site_name":"Gomb\u00e1cska","article_modified_time":"2026-01-09T12:36:41+00:00","twitter_card":"summary_large_image","twitter_misc":{"Becs\u00fclt olvas\u00e1si id\u0151":"1 perc"},"schema":{"@context":"https:\/\/schema.org","@graph":[{"@type":"WebPage","@id":"https:\/\/gombacska.hu\/?page_id=92","url":"https:\/\/gombacska.hu\/?page_id=92","name":"Gombavizsg\u00e1lat - Gomb\u00e1cska","isPartOf":{"@id":"https:\/\/gombacska.hu\/#website"},"datePublished":"2025-11-14T12:51:56+00:00","dateModified":"2026-01-09T12:36:41+00:00","breadcrumb":{"@id":"https:\/\/gombacska.hu\/?page_id=92#breadcrumb"},"inLanguage":"hu","potentialAction":[{"@type":"ReadAction","target":["https:\/\/gombacska.hu\/?page_id=92"]}]},{"@type":"BreadcrumbList","@id":"https:\/\/gombacska.hu\/?page_id=92#breadcrumb","itemListElement":[{"@type":"ListItem","position":1,"name":"Home","item":"https:\/\/gombacska.hu\/"},{"@type":"ListItem","position":2,"name":"Gombavizsg\u00e1lat"}]},{"@type":"WebSite","@id":"https:\/\/gombacska.hu\/#website","url":"https:\/\/gombacska.hu\/","name":"Gomb\u00e1cska","description":"Csal\u00e1di szedd magad manufakt\u00fara","potentialAction":[{"@type":"SearchAction","target":{"@type":"EntryPoint","urlTemplate":"https:\/\/gombacska.hu\/?s={search_term_string}"},"query-input":{"@type":"PropertyValueSpecification","valueRequired":true,"valueName":"search_term_string"}}],"inLanguage":"hu"}]}},"_links":{"self":[{"href":"https:\/\/gombacska.hu\/index.php?rest_route=\/wp\/v2\/pages\/92","targetHints":{"allow":["GET"]}}],"collection":[{"href":"https:\/\/gombacska.hu\/index.php?rest_route=\/wp\/v2\/pages"}],"about":[{"href":"https:\/\/gombacska.hu\/index.php?rest_route=\/wp\/v2\/types\/page"}],"author":[{"embeddable":true,"href":"https:\/\/gombacska.hu\/index.php?rest_route=\/wp\/v2\/users\/1"}],"replies":[{"embeddable":true,"href":"https:\/\/gombacska.hu\/index.php?rest_route=%2Fwp%2Fv2%2Fcomments&post=92"}],"version-history":[{"count":10,"href":"https:\/\/gombacska.hu\/index.php?rest_route=\/wp\/v2\/pages\/92\/revisions"}],"predecessor-version":[{"id":305,"href":"https:\/\/gombacska.hu\/index.php?rest_route=\/wp\/v2\/pages\/92\/revisions\/305"}],"wp:attachment":[{"href":"https:\/\/gombacska.hu\/index.php?rest_route=%2Fwp%2Fv2%2Fmedia&parent=92"}],"curies":[{"name":"wp","href":"https:\/\/api.w.org\/{rel}","templated":true}]}}