{"id":162,"date":"2025-11-25T11:51:31","date_gmt":"2025-11-25T11:51:31","guid":{"rendered":"https:\/\/gombacska.hu\/?page_id=162"},"modified":"2026-04-22T09:44:08","modified_gmt":"2026-04-22T09:44:08","slug":"a-gombafogyasztas-pozitiv-elettani-hatasai","status":"publish","type":"page","link":"https:\/\/gombacska.hu\/?page_id=162","title":{"rendered":"A gombafogyaszt\u00e1s pozit\u00edv \u00e9lettani hat\u00e1sai"},"content":{"rendered":"<div class=\"wp-block-image\"><figure class=\"aligncenter size-full\"><img loading=\"lazy\" decoding=\"async\" width=\"940\" height=\"788\" src=\"https:\/\/gombacska.hu\/wp-content\/uploads\/2025\/11\/gomba_etkezesi-elonyei.png\" alt=\"\" class=\"wp-image-163\" srcset=\"https:\/\/gombacska.hu\/wp-content\/uploads\/2025\/11\/gomba_etkezesi-elonyei.png 940w, https:\/\/gombacska.hu\/wp-content\/uploads\/2025\/11\/gomba_etkezesi-elonyei-416x349.png 416w, https:\/\/gombacska.hu\/wp-content\/uploads\/2025\/11\/gomba_etkezesi-elonyei-300x251.png 300w, https:\/\/gombacska.hu\/wp-content\/uploads\/2025\/11\/gomba_etkezesi-elonyei-768x644.png 768w\" sizes=\"auto, (max-width: 940px) 100vw, 940px\" \/><\/figure><\/div><p class=\"has-black-color has-text-color has-link-color wp-elements-faac7735b804e545f7dcf03d65bbd08c\" style=\"font-size:16px\">A gomb\u00e1k nem csup\u00e1n \u00edzletes kulin\u00e1ris csemeg\u00e9k, hanem val\u00f3s\u00e1gos <strong>t\u00e1panyagbomb\u00e1k<\/strong>, amelyek sz\u00e1mos pozit\u00edv \u00e9lettani hat\u00e1ssal b\u00edrnak. Fedezz\u00fck fel, mi\u00e9rt \u00e9rdemes rendszeresen be\u00e9p\u00edteni \u0151ket \u00e9trend\u00fcnkbe!<\/p><p class=\"has-black-color has-text-color has-link-color wp-elements-35cbe0a2a2194dc584d4b6e743081a9b\" style=\"font-size:16px\"><strong>Sz\u00e9nhidr\u00e1tok \u00e9s rostok:<\/strong>&nbsp;B\u00e1r a gomb\u00e1k sz\u00e9nhidr\u00e1tokat (gl\u00fck\u00f3zt, frukt\u00f3zt stb.) tartalmaznak, ezek a vegy\u00fcletek <strong>nem jelentenek vesz\u00e9lyt a cukorbetegek sz\u00e1m\u00e1ra<\/strong>, s\u0151t! Magas <strong>ballasztanyag-tartalmuknak<\/strong> k\u00f6sz\u00f6nhet\u0151en kiv\u00e1l\u00f3an beilleszthet\u0151k az energi\u00e1ban szeg\u00e9ny \u00e9trendekbe, mik\u00f6zben el\u0151seg\u00edtik m\u00e1s t\u00e1panyagok em\u00e9szthet\u0151s\u00e9g\u00e9t. Zs\u00edrtartalmuk eleny\u00e9sz\u0151, a sz\u00e1razanyagtartalmuk mind\u00f6ssze 4%-\u00e1t teszik ki tel\u00edtetlen zs\u00edrsavak.<\/p><p class=\"has-black-color has-text-color has-link-color wp-elements-168eb178a758fc347186c55a43f5875f\" style=\"font-size:16px\"><strong>Vitaminok \u00e9s \u00e1sv\u00e1nyi anyagok:<\/strong>&nbsp;A gomb\u00e1k a szervezet sz\u00e1m\u00e1ra n\u00e9lk\u00fcl\u00f6zhetetlen vitaminok \u00e9s \u00e1sv\u00e1nyi anyagok gazdag forr\u00e1sai:&nbsp;<\/p><ul class=\"wp-block-list\"><li class=\"has-black-color has-text-color has-link-color wp-elements-698819b5e9071ba0389c8b4da4209a16\" style=\"font-size:16px\">B-vitaminok,&nbsp;<\/li>\n\n<li class=\"has-black-color has-text-color has-link-color wp-elements-105c42c0be100db1ef0299277b5ed45e\" style=\"font-size:16px\">H-vitamin (biotin),&nbsp;<\/li>\n\n<li class=\"has-black-color has-text-color has-link-color wp-elements-e4b7a4c1a31dde2bede0b4f55352e77d\" style=\"font-size:16px\">D-vitamin.<\/li><\/ul><p class=\"has-black-color has-text-color has-link-color wp-elements-6b6587906c3a494a8766a3e6155326d5\" style=\"font-size:16px\">Jelent\u0151s mennyis\u00e9gben tartalmaznak <strong>n\u00e1triumot, k\u00e1liumot, foszfort, vasat \u00e9s kalciumot<\/strong>, melyek mind hozz\u00e1j\u00e1rulnak a szervezet optim\u00e1lis m\u0171k\u00f6d\u00e9s\u00e9hez.<\/p><p class=\"has-black-color has-text-color has-link-color wp-elements-54c31d6b99bdca092286a877cca7cca3\" style=\"font-size:16px\"><strong>Feh\u00e9rj\u00e9k \u00e9s aminosavak:&nbsp;<\/strong>A gomb\u00e1k feh\u00e9rje-\u00f6sszet\u00e9tele kiemelked\u0151en kedvez\u0151 t\u00e1pl\u00e1lkoz\u00e1si szempontb\u00f3l. Szemben a legt\u00f6bb n\u00f6v\u00e9nnyel, a gomb\u00e1k mind a <strong>h\u00fasz feh\u00e9rjealkot\u00f3 aminosavat<\/strong>, bele\u00e9rtve az emberi szervezet sz\u00e1m\u00e1ra <strong>esszenci\u00e1lis aminosavakat is<\/strong> tartalmazz\u00e1k. (esszenci\u00e1lis aminosavak: amiket&nbsp; szervezet nem k\u00e9pes el\u0151\u00e1ll\u00edtani, k\u00e9szen kell felvennie). Emiatt a gombafeh\u00e9rje <strong>\u00e9rt\u00e9kesebbnek sz\u00e1m\u00edt a n\u00f6v\u00e9nyi feh\u00e9rj\u00e9kn\u00e9l<\/strong>, \u00e9s t\u00e1pl\u00e1lkoz\u00e1si szempontb\u00f3l k\u00f6zelebb \u00e1ll az \u00e1llati feh\u00e9rj\u00e9khez. Ritka, specifikus aminosavak is el\u0151fordulnak benn\u00fck.<\/p><p class=\"has-black-color has-text-color has-link-color wp-elements-750abd9a4687c2bfefac673d3819a05f\" style=\"font-size:16px\"><strong>Biol\u00f3giailag akt\u00edv, gy\u00f3gyhat\u00e1s\u00fa anyagok:<\/strong>&nbsp;T\u00f6bb tucat gombafaj tartalmaz olyan <strong>biol\u00f3giailag akt\u00edv vegy\u00fcleteket<\/strong>, amelyek rendszeres fogyaszt\u00e1s eset\u00e9n kifejezetten el\u0151ny\u00f6sek lehetnek bizonyos betegs\u00e9gek kezel\u00e9s\u00e9ben vagy megel\u0151z\u00e9s\u00e9ben. Ezek k\u00f6z\u00e9 tartoznak p\u00e9ld\u00e1ul:<\/p><ul class=\"wp-block-list\"><li class=\"has-black-color has-text-color has-link-color wp-elements-ba334cc4ab2a974109911497bc12e0cb\" style=\"font-size:16px\"><strong>Immuner\u0151s\u00edt\u0151 hat\u00e1s\u00fa<\/strong> anyagok, amelyek t\u00e1mogatj\u00e1k a szervezet v\u00e9dekez\u0151 k\u00e9pess\u00e9g\u00e9t, akt\u00edv\u00e1lj\u00e1k az immunsejteket.<\/li>\n\n<li class=\"has-black-color has-text-color has-link-color wp-elements-a94986f3d1ec93b253212530d00bc166\" style=\"font-size:16px\"><strong>V\u00e9rcukorszint-cs\u00f6kkent\u0151<\/strong> \u00e9s <strong>koleszterinszint-szab\u00e1lyoz\u00f3<\/strong> (koleszterin \u00e9s triglicerid cs\u00f6kkent\u0151) vegy\u00fcletek.<\/li>\n\n<li class=\"has-black-color has-text-color has-link-color wp-elements-ef989b58ec446b50b831be9350529553\" style=\"font-size:16px\"><strong>V\u00e9ralvad\u00e1sg\u00e1tl\u00f3<\/strong> hat\u00e1s\u00fa \u00f6sszetev\u0151k.<\/li>\n\n<li class=\"has-black-color has-text-color has-link-color wp-elements-47a2293fd9369fedf109a7973703422c\" style=\"font-size:16px\">Az <strong>idegrendszert t\u00e1mogat\u00f3<\/strong> t\u00e1panyagok.<\/li>\n\n<li class=\"has-black-color has-text-color has-link-color has-normal-font-size wp-elements-d12ac12b464b4fb6b27ad6a3e6b3a3f8\">Er\u0151s\u00edtik a m\u00e1j m\u00e9regtelen\u00edt\u0151 munk\u00e1j\u00e1t \u00e9s a m\u00e1j regener\u00e1l\u00f3d\u00e1s\u00e1t.<\/li>\n\n<li class=\"has-black-color has-text-color has-link-color wp-elements-3a96228677b8deba301616af684fd5d7\" style=\"font-size:16px\">N\u00e9h\u00e1ny gombafajta a <strong>r\u00e1kos megbeteged\u00e9sek<\/strong> kieg\u00e9sz\u00edt\u0151 ter\u00e1pi\u00e1j\u00e1ban is \u00edg\u00e9retesnek bizonyul, tov\u00e1bb\u00e1 autoimmun- \u00e9s allergiaellenes hat\u00e1s\u00fa gomb\u00e1k is ismertek.<\/li><\/ul><p class=\"has-black-color has-text-color has-link-color wp-elements-7c828cd76a4a0a750a9b4e1a6c3e9e52\" style=\"font-size:16px\"><strong>Umami \u00edz<\/strong>: Jap\u00e1n eredet\u0171 kifejez\u00e9s, az \u00e9des, s\u00f3s, savany\u00fa \u00e9s a keser\u0171 meletti az \u00f6t\u00f6dik \u00edzt jelenti: &#8222;m\u00e9ly, telt, arom\u00e1s&#8221;. Nem egy konkr\u00e9t \u00edz, hanem egy \u00edz\u00e9lm\u00e9ny, ami feler\u0151s\u00edti az \u00e9telek f\u0151 \u00edzkarakter\u00e9t, K\u00edv\u00e1natoss\u00e1 teszi az \u00e9teleket, seg\u00edt az \u00edzek harm\u00f3ni\u00e1j\u00e1nak megteremt\u00e9s\u00e9ben.<\/p><p class=\"has-black-color has-text-color has-link-color wp-elements-69f21da071c5506d03f460c272db339c\" style=\"font-size:16px\"><strong>\u00d6sszefoglalva:<\/strong> A gomba nem csup\u00e1n egy finom \u00e9tel, hanem egy <strong>jelent\u0151s \u00e9s \u00e9rt\u00e9kes t\u00e1pl\u00e1l\u00e9kunk<\/strong>, amely alacsony kal\u00f3riatartalma, teljes \u00e9rt\u00e9k\u0171 aminosavai, gazdag aromaanyagai \u00e9s rosttartalma miatt dietetikailag rendk\u00edv\u00fcl el\u0151ny\u00f6s. Fogyaszt\u00e1sa hozz\u00e1j\u00e1rul az eg\u00e9szs\u00e9ges \u00e9letm\u00f3dhoz \u00e9s a szervezet vitalit\u00e1s\u00e1nak meg\u0151rz\u00e9s\u00e9hez.<\/p><p class=\"has-black-color has-text-color has-link-color has-normal-font-size wp-elements-29827563ecd9e9eb78045ae8c730a0c5\">N\u00e9h\u00e1ny konkr\u00e9t kutat\u00e1s:<\/p><p class=\"has-black-color has-text-color has-link-color has-normal-font-size wp-elements-23df3ffa526b8fa46d3e0b4f26bcb0da\">Napi 10 gramm friss vagy 4 g sz\u00e1r\u00edtott gombafogyaszt\u00e1s 64%-al cs\u00f6kkenti a mellr\u00e1k kialakul\u00e1s\u00e1nak es\u00e9ly\u00e9t. Ha az \u00e9trendet z\u00f6ld te\u00e1val is kieg\u00e9sz\u00edtik, akkor az az ar\u00e1ny m\u00e1r 89 % (ugyanez v\u00e1ltoz\u00f3 korban 82%). A kutat\u00e1s k\u00edn\u00e1ban v\u00e9gezt\u00e9k el, ahol alapb\u00f3l j\u00f3val magasabb a gombafogyaszt\u00e1s mint haz\u00e1nkban. Viszont 89 sz\u00e1zal\u00e9k, az m\u00e1r szinte &#8222;megsz\u00fcnteti&#8221; az es\u00e9lyt, \u00e9s ez csak 1 kutat\u00e1s a sok k\u00f6z\u00fcl \u00e9s csak 1 fajta r\u00e1kra. <\/p><p class=\"has-black-color has-text-color has-link-color has-normal-font-size wp-elements-0533589fa3c0a466312feabc7b519794\"><em>Forr\u00e1s: International Journal of Cancer, 2009. m\u00e1rcius: Dr. Min Zhang: Dietary intakes of mushrooms and green tea combine to reduce the risk of breast cancer in Chinese women)<\/em><\/p><p class=\"has-black-color has-text-color has-link-color has-normal-font-size wp-elements-25f67aa96c13f78e9f2813cbca99d99b\"><\/p><p class=\"has-black-color has-text-color has-link-color has-normal-font-size wp-elements-560d4aed30df5282fe9cc3480c20cb6a\">Jap\u00e1nban a lepketapl\u00f3 kivonatot (Krestin (PSK) nev\u0171 poliszacharid) m\u00e1r az 1970-es \u00e9vekt\u0151l haszn\u00e1lj\u00e1k fel\u00edrt kieg\u00e9sz\u00edt\u0151 ter\u00e1piak\u00e9nt a r\u00e1kkezel\u00e9sben. Az \u00e9vek sor\u00e1n a PSK-t sz\u00e1mos klinikai vizsg\u00e1latban vizsg\u00e1lt\u00e1k, amelyekben t\u00f6bb mint 10000 beteg vett r\u00e9szt k\u00fcl\u00f6nb\u00f6z\u0151 t\u00edpus\u00fa r\u00e1kos megbeteged\u00e9sekben, bele\u00e9rtve a gyomor-, vastagb\u00e9l-, t\u00fcd\u0151- \u00e9s eml\u0151r\u00e1kot.<br>A kutat\u00f3k megfigyelt\u00e9k, hogy a PSK a kezel\u00e9s sor\u00e1n t\u00e1mogatta az immunrendszer aktivit\u00e1s\u00e1t. Tanulm\u00e1nyok arr\u00f3l sz\u00e1moltak be, hogy a vegy\u00fclet stimul\u00e1lhat bizonyos immunsejteket, bele\u00e9rtve a term\u00e9szetes \u00f6l\u0151sejteket \u00e9s a dendritikus sejteket, amelyek seg\u00edtik a szervezetet a k\u00f3ros sejtek felismer\u00e9s\u00e9ben.<br>Sz\u00e9les k\u00f6r\u0171 orvosi alkalmaz\u00e1sa miatt a PSK Jap\u00e1n egyik leggyakrabban fel\u00edrt t\u00e1mogat\u00f3 r\u00e1kter\u00e1pi\u00e1j\u00e1v\u00e1 v\u00e1lt. A kutat\u00f3k becsl\u00e9se szerint cs\u00facspontj\u00e1n a jap\u00e1n nemzeti t\u00e1mogat\u00f3 r\u00e1kkezel\u00e9sekre ford\u00edtott kiad\u00e1sok k\u00f6r\u00fclbel\u00fcl 25 sz\u00e1zal\u00e9k\u00e1t tette ki. <\/p><p class=\"has-black-color has-text-color has-link-color has-normal-font-size wp-elements-8e995894794706827db3f63c0aab47ff\"><em>Forr\u00e1s: Kidd PM., \u201cThe Use of Mushroom Glucans and Proteoglycans in Cancer Treatment,\u201d Alternative Medicine Review (2000); Ikuzawa M. et al., clinical studies on PSK from Trametes versicolor.<\/em><\/p><p><\/p>","protected":false},"excerpt":{"rendered":"<p>A gomb\u00e1k nem csup\u00e1n \u00edzletes kulin\u00e1ris csemeg\u00e9k, hanem val\u00f3s\u00e1gos t\u00e1panyagbomb\u00e1k, amelyek sz\u00e1mos pozit\u00edv \u00e9lettani hat\u00e1ssal b\u00edrnak. Fedezz\u00fck fel, mi\u00e9rt \u00e9rdemes rendszeresen be\u00e9p\u00edteni \u0151ket \u00e9trend\u00fcnkbe! Sz\u00e9nhidr\u00e1tok \u00e9s rostok:&nbsp;B\u00e1r a gomb\u00e1k sz\u00e9nhidr\u00e1tokat (gl\u00fck\u00f3zt, frukt\u00f3zt stb.) tartalmaznak, ezek a vegy\u00fcletek nem jelentenek vesz\u00e9lyt a cukorbetegek sz\u00e1m\u00e1ra, s\u0151t! Magas ballasztanyag-tartalmuknak k\u00f6sz\u00f6nhet\u0151en kiv\u00e1l\u00f3an beilleszthet\u0151k az energi\u00e1ban szeg\u00e9ny \u00e9trendekbe, mik\u00f6zben el\u0151seg\u00edtik [&hellip;]<\/p>\n","protected":false},"author":1,"featured_media":0,"parent":0,"menu_order":0,"comment_status":"closed","ping_status":"closed","template":"","meta":{"pagelayer_contact_templates":[],"_pagelayer_content":"","_monsterinsights_skip_tracking":false,"_monsterinsights_sitenote_active":false,"_monsterinsights_sitenote_note":"","_monsterinsights_sitenote_category":0,"footnotes":""},"class_list":["post-162","page","type-page","status-publish","hentry"],"yoast_head":"<!-- This site is optimized with the Yoast SEO plugin v26.3 - https:\/\/yoast.com\/wordpress\/plugins\/seo\/ -->\n<title>A gombafogyaszt\u00e1s pozit\u00edv \u00e9lettani hat\u00e1sai - Gomb\u00e1cska<\/title>\n<meta name=\"robots\" content=\"index, follow, max-snippet:-1, max-image-preview:large, max-video-preview:-1\" \/>\n<link rel=\"canonical\" href=\"https:\/\/gombacska.hu\/?page_id=162\" \/>\n<meta property=\"og:locale\" content=\"hu_HU\" \/>\n<meta property=\"og:type\" content=\"article\" \/>\n<meta property=\"og:title\" content=\"A gombafogyaszt\u00e1s pozit\u00edv \u00e9lettani hat\u00e1sai - Gomb\u00e1cska\" \/>\n<meta property=\"og:description\" content=\"A gomb\u00e1k nem csup\u00e1n \u00edzletes kulin\u00e1ris csemeg\u00e9k, hanem val\u00f3s\u00e1gos t\u00e1panyagbomb\u00e1k, amelyek sz\u00e1mos pozit\u00edv \u00e9lettani hat\u00e1ssal b\u00edrnak. Fedezz\u00fck fel, mi\u00e9rt \u00e9rdemes rendszeresen be\u00e9p\u00edteni \u0151ket \u00e9trend\u00fcnkbe! Sz\u00e9nhidr\u00e1tok \u00e9s rostok:&nbsp;B\u00e1r a gomb\u00e1k sz\u00e9nhidr\u00e1tokat (gl\u00fck\u00f3zt, frukt\u00f3zt stb.) tartalmaznak, ezek a vegy\u00fcletek nem jelentenek vesz\u00e9lyt a cukorbetegek sz\u00e1m\u00e1ra, s\u0151t! Magas ballasztanyag-tartalmuknak k\u00f6sz\u00f6nhet\u0151en kiv\u00e1l\u00f3an beilleszthet\u0151k az energi\u00e1ban szeg\u00e9ny \u00e9trendekbe, mik\u00f6zben el\u0151seg\u00edtik [&hellip;]\" \/>\n<meta property=\"og:url\" content=\"https:\/\/gombacska.hu\/?page_id=162\" \/>\n<meta property=\"og:site_name\" content=\"Gomb\u00e1cska\" \/>\n<meta property=\"article:modified_time\" content=\"2026-04-22T09:44:08+00:00\" \/>\n<meta property=\"og:image\" content=\"https:\/\/gombacska.hu\/wp-content\/uploads\/2025\/11\/gomba_etkezesi-elonyei.png\" \/>\n\t<meta property=\"og:image:width\" content=\"940\" \/>\n\t<meta property=\"og:image:height\" content=\"788\" \/>\n\t<meta property=\"og:image:type\" content=\"image\/png\" \/>\n<meta name=\"twitter:card\" content=\"summary_large_image\" \/>\n<meta name=\"twitter:label1\" content=\"Becs\u00fclt olvas\u00e1si id\u0151\" \/>\n\t<meta name=\"twitter:data1\" content=\"4 perc\" \/>\n<script type=\"application\/ld+json\" class=\"yoast-schema-graph\">{\"@context\":\"https:\/\/schema.org\",\"@graph\":[{\"@type\":\"WebPage\",\"@id\":\"https:\/\/gombacska.hu\/?page_id=162\",\"url\":\"https:\/\/gombacska.hu\/?page_id=162\",\"name\":\"A gombafogyaszt\u00e1s pozit\u00edv \u00e9lettani hat\u00e1sai - Gomb\u00e1cska\",\"isPartOf\":{\"@id\":\"https:\/\/gombacska.hu\/#website\"},\"primaryImageOfPage\":{\"@id\":\"https:\/\/gombacska.hu\/?page_id=162#primaryimage\"},\"image\":{\"@id\":\"https:\/\/gombacska.hu\/?page_id=162#primaryimage\"},\"thumbnailUrl\":\"https:\/\/gombacska.hu\/wp-content\/uploads\/2025\/11\/gomba_etkezesi-elonyei.png\",\"datePublished\":\"2025-11-25T11:51:31+00:00\",\"dateModified\":\"2026-04-22T09:44:08+00:00\",\"breadcrumb\":{\"@id\":\"https:\/\/gombacska.hu\/?page_id=162#breadcrumb\"},\"inLanguage\":\"hu\",\"potentialAction\":[{\"@type\":\"ReadAction\",\"target\":[\"https:\/\/gombacska.hu\/?page_id=162\"]}]},{\"@type\":\"ImageObject\",\"inLanguage\":\"hu\",\"@id\":\"https:\/\/gombacska.hu\/?page_id=162#primaryimage\",\"url\":\"https:\/\/gombacska.hu\/wp-content\/uploads\/2025\/11\/gomba_etkezesi-elonyei.png\",\"contentUrl\":\"https:\/\/gombacska.hu\/wp-content\/uploads\/2025\/11\/gomba_etkezesi-elonyei.png\",\"width\":940,\"height\":788},{\"@type\":\"BreadcrumbList\",\"@id\":\"https:\/\/gombacska.hu\/?page_id=162#breadcrumb\",\"itemListElement\":[{\"@type\":\"ListItem\",\"position\":1,\"name\":\"Home\",\"item\":\"https:\/\/gombacska.hu\/\"},{\"@type\":\"ListItem\",\"position\":2,\"name\":\"A gombafogyaszt\u00e1s pozit\u00edv \u00e9lettani hat\u00e1sai\"}]},{\"@type\":\"WebSite\",\"@id\":\"https:\/\/gombacska.hu\/#website\",\"url\":\"https:\/\/gombacska.hu\/\",\"name\":\"Gomb\u00e1cska\",\"description\":\"Csal\u00e1di szedd magad manufakt\u00fara\",\"potentialAction\":[{\"@type\":\"SearchAction\",\"target\":{\"@type\":\"EntryPoint\",\"urlTemplate\":\"https:\/\/gombacska.hu\/?s={search_term_string}\"},\"query-input\":{\"@type\":\"PropertyValueSpecification\",\"valueRequired\":true,\"valueName\":\"search_term_string\"}}],\"inLanguage\":\"hu\"}]}<\/script>\n<!-- \/ Yoast SEO plugin. -->","yoast_head_json":{"title":"A gombafogyaszt\u00e1s pozit\u00edv \u00e9lettani hat\u00e1sai - Gomb\u00e1cska","robots":{"index":"index","follow":"follow","max-snippet":"max-snippet:-1","max-image-preview":"max-image-preview:large","max-video-preview":"max-video-preview:-1"},"canonical":"https:\/\/gombacska.hu\/?page_id=162","og_locale":"hu_HU","og_type":"article","og_title":"A gombafogyaszt\u00e1s pozit\u00edv \u00e9lettani hat\u00e1sai - Gomb\u00e1cska","og_description":"A gomb\u00e1k nem csup\u00e1n \u00edzletes kulin\u00e1ris csemeg\u00e9k, hanem val\u00f3s\u00e1gos t\u00e1panyagbomb\u00e1k, amelyek sz\u00e1mos pozit\u00edv \u00e9lettani hat\u00e1ssal b\u00edrnak. Fedezz\u00fck fel, mi\u00e9rt \u00e9rdemes rendszeresen be\u00e9p\u00edteni \u0151ket \u00e9trend\u00fcnkbe! Sz\u00e9nhidr\u00e1tok \u00e9s rostok:&nbsp;B\u00e1r a gomb\u00e1k sz\u00e9nhidr\u00e1tokat (gl\u00fck\u00f3zt, frukt\u00f3zt stb.) tartalmaznak, ezek a vegy\u00fcletek nem jelentenek vesz\u00e9lyt a cukorbetegek sz\u00e1m\u00e1ra, s\u0151t! Magas ballasztanyag-tartalmuknak k\u00f6sz\u00f6nhet\u0151en kiv\u00e1l\u00f3an beilleszthet\u0151k az energi\u00e1ban szeg\u00e9ny \u00e9trendekbe, mik\u00f6zben el\u0151seg\u00edtik [&hellip;]","og_url":"https:\/\/gombacska.hu\/?page_id=162","og_site_name":"Gomb\u00e1cska","article_modified_time":"2026-04-22T09:44:08+00:00","og_image":[{"width":940,"height":788,"url":"https:\/\/gombacska.hu\/wp-content\/uploads\/2025\/11\/gomba_etkezesi-elonyei.png","type":"image\/png"}],"twitter_card":"summary_large_image","twitter_misc":{"Becs\u00fclt olvas\u00e1si id\u0151":"4 perc"},"schema":{"@context":"https:\/\/schema.org","@graph":[{"@type":"WebPage","@id":"https:\/\/gombacska.hu\/?page_id=162","url":"https:\/\/gombacska.hu\/?page_id=162","name":"A gombafogyaszt\u00e1s pozit\u00edv \u00e9lettani hat\u00e1sai - Gomb\u00e1cska","isPartOf":{"@id":"https:\/\/gombacska.hu\/#website"},"primaryImageOfPage":{"@id":"https:\/\/gombacska.hu\/?page_id=162#primaryimage"},"image":{"@id":"https:\/\/gombacska.hu\/?page_id=162#primaryimage"},"thumbnailUrl":"https:\/\/gombacska.hu\/wp-content\/uploads\/2025\/11\/gomba_etkezesi-elonyei.png","datePublished":"2025-11-25T11:51:31+00:00","dateModified":"2026-04-22T09:44:08+00:00","breadcrumb":{"@id":"https:\/\/gombacska.hu\/?page_id=162#breadcrumb"},"inLanguage":"hu","potentialAction":[{"@type":"ReadAction","target":["https:\/\/gombacska.hu\/?page_id=162"]}]},{"@type":"ImageObject","inLanguage":"hu","@id":"https:\/\/gombacska.hu\/?page_id=162#primaryimage","url":"https:\/\/gombacska.hu\/wp-content\/uploads\/2025\/11\/gomba_etkezesi-elonyei.png","contentUrl":"https:\/\/gombacska.hu\/wp-content\/uploads\/2025\/11\/gomba_etkezesi-elonyei.png","width":940,"height":788},{"@type":"BreadcrumbList","@id":"https:\/\/gombacska.hu\/?page_id=162#breadcrumb","itemListElement":[{"@type":"ListItem","position":1,"name":"Home","item":"https:\/\/gombacska.hu\/"},{"@type":"ListItem","position":2,"name":"A gombafogyaszt\u00e1s pozit\u00edv \u00e9lettani hat\u00e1sai"}]},{"@type":"WebSite","@id":"https:\/\/gombacska.hu\/#website","url":"https:\/\/gombacska.hu\/","name":"Gomb\u00e1cska","description":"Csal\u00e1di szedd magad manufakt\u00fara","potentialAction":[{"@type":"SearchAction","target":{"@type":"EntryPoint","urlTemplate":"https:\/\/gombacska.hu\/?s={search_term_string}"},"query-input":{"@type":"PropertyValueSpecification","valueRequired":true,"valueName":"search_term_string"}}],"inLanguage":"hu"}]}},"_links":{"self":[{"href":"https:\/\/gombacska.hu\/index.php?rest_route=\/wp\/v2\/pages\/162","targetHints":{"allow":["GET"]}}],"collection":[{"href":"https:\/\/gombacska.hu\/index.php?rest_route=\/wp\/v2\/pages"}],"about":[{"href":"https:\/\/gombacska.hu\/index.php?rest_route=\/wp\/v2\/types\/page"}],"author":[{"embeddable":true,"href":"https:\/\/gombacska.hu\/index.php?rest_route=\/wp\/v2\/users\/1"}],"replies":[{"embeddable":true,"href":"https:\/\/gombacska.hu\/index.php?rest_route=%2Fwp%2Fv2%2Fcomments&post=162"}],"version-history":[{"count":23,"href":"https:\/\/gombacska.hu\/index.php?rest_route=\/wp\/v2\/pages\/162\/revisions"}],"predecessor-version":[{"id":616,"href":"https:\/\/gombacska.hu\/index.php?rest_route=\/wp\/v2\/pages\/162\/revisions\/616"}],"wp:attachment":[{"href":"https:\/\/gombacska.hu\/index.php?rest_route=%2Fwp%2Fv2%2Fmedia&parent=162"}],"curies":[{"name":"wp","href":"https:\/\/api.w.org\/{rel}","templated":true}]}}