{"id":132,"date":"2025-11-25T12:36:08","date_gmt":"2025-11-25T12:36:08","guid":{"rendered":"https:\/\/gombacska.hu\/?page_id=132"},"modified":"2025-11-28T12:06:37","modified_gmt":"2025-11-28T12:06:37","slug":"132-2","status":"publish","type":"page","link":"https:\/\/gombacska.hu\/","title":{"rendered":"Kezd\u0151oldal"},"content":{"rendered":"<p><\/p><p class=\"has-text-align-left has-black-color has-text-color has-link-color has-cardo-font-family has-medium-font-size wp-elements-c42e0de293a2ff58fea2b6f59841efe5\">A Gomb\u00e1cska egy csal\u00e1di v\u00e1llalkoz\u00e1s, melyet a term\u00e9szet \u00e9s a gomb\u00e1k ir\u00e1nti elk\u00f6telezetts\u00e9g h\u00edvott \u00e9letre. C\u00e9lunk az ismeretterjeszt\u00e9s, erre a legjobb alkalmak a <strong>szervezett t\u00far\u00e1k<\/strong>. Az ismeretterjeszt\u00e9s a <strong>gomba bevizsg\u00e1l\u00e1skor<\/strong> is jelen van, hiszen a gomba-szakellen\u0151r feladata, hogy a gomb\u00e1szokat hasznos tan\u00e1csokkal l\u00e1ssa el. Az oldal <strong>web\u00e1ruh\u00e1z<\/strong> r\u00e9sz\u00e9t azoknak hoztuk l\u00e9tre akiknek, nincs lehet\u0151s\u00e9g\u00fck gomb\u00e1szni vagy nehezen tudnak hozz\u00e1jutni ezekhez a kulin\u00e1lis csemeg\u00e9khez.<\/p><p class=\"has-text-align-center has-black-color has-text-color has-link-color has-cardo-font-family has-medium-font-size wp-elements-53696a395df3719069d5ef70179491f1\">Gomb\u00e1cska alap\u00edt\u00f3i: <strong>R\u00e9ka<\/strong> (kistermel\u0151, fot\u00f3s) \u00e9s <strong>Sanyi<\/strong> (gomba-szakellen\u0151r)<\/p><p><\/p>","protected":false},"excerpt":{"rendered":"<p>A Gomb\u00e1cska egy csal\u00e1di v\u00e1llalkoz\u00e1s, melyet a term\u00e9szet \u00e9s a gomb\u00e1k ir\u00e1nti elk\u00f6telezetts\u00e9g h\u00edvott \u00e9letre. C\u00e9lunk az ismeretterjeszt\u00e9s, erre a legjobb alkalmak a szervezett t\u00far\u00e1k. Az ismeretterjeszt\u00e9s a gomba bevizsg\u00e1l\u00e1skor is jelen van, hiszen a gomba-szakellen\u0151r feladata, hogy a gomb\u00e1szokat hasznos tan\u00e1csokkal l\u00e1ssa el. Az oldal web\u00e1ruh\u00e1z r\u00e9sz\u00e9t azoknak hoztuk l\u00e9tre akiknek, nincs lehet\u0151s\u00e9g\u00fck gomb\u00e1szni [&hellip;]<\/p>\n","protected":false},"author":1,"featured_media":0,"parent":0,"menu_order":0,"comment_status":"closed","ping_status":"closed","template":"","meta":{"pagelayer_contact_templates":[],"_pagelayer_content":"","_monsterinsights_skip_tracking":false,"_monsterinsights_sitenote_active":false,"_monsterinsights_sitenote_note":"","_monsterinsights_sitenote_category":0,"footnotes":""},"class_list":["post-132","page","type-page","status-publish","hentry"],"yoast_head":"<!-- This site is optimized with the Yoast SEO plugin v26.3 - https:\/\/yoast.com\/wordpress\/plugins\/seo\/ -->\n<title>Kezd\u0151oldal - Gomb\u00e1cska<\/title>\n<meta name=\"robots\" content=\"index, follow, max-snippet:-1, max-image-preview:large, max-video-preview:-1\" \/>\n<link rel=\"canonical\" href=\"https:\/\/gombacska.hu\/\" \/>\n<meta property=\"og:locale\" content=\"hu_HU\" \/>\n<meta property=\"og:type\" content=\"article\" \/>\n<meta property=\"og:title\" content=\"Kezd\u0151oldal - Gomb\u00e1cska\" \/>\n<meta property=\"og:description\" content=\"A Gomb\u00e1cska egy csal\u00e1di v\u00e1llalkoz\u00e1s, melyet a term\u00e9szet \u00e9s a gomb\u00e1k ir\u00e1nti elk\u00f6telezetts\u00e9g h\u00edvott \u00e9letre. C\u00e9lunk az ismeretterjeszt\u00e9s, erre a legjobb alkalmak a szervezett t\u00far\u00e1k. Az ismeretterjeszt\u00e9s a gomba bevizsg\u00e1l\u00e1skor is jelen van, hiszen a gomba-szakellen\u0151r feladata, hogy a gomb\u00e1szokat hasznos tan\u00e1csokkal l\u00e1ssa el. Az oldal web\u00e1ruh\u00e1z r\u00e9sz\u00e9t azoknak hoztuk l\u00e9tre akiknek, nincs lehet\u0151s\u00e9g\u00fck gomb\u00e1szni [&hellip;]\" \/>\n<meta property=\"og:url\" content=\"https:\/\/gombacska.hu\/\" \/>\n<meta property=\"og:site_name\" content=\"Gomb\u00e1cska\" \/>\n<meta property=\"article:modified_time\" content=\"2025-11-28T12:06:37+00:00\" \/>\n<meta name=\"twitter:card\" content=\"summary_large_image\" \/>\n<meta name=\"twitter:label1\" content=\"Becs\u00fclt olvas\u00e1si id\u0151\" \/>\n\t<meta name=\"twitter:data1\" content=\"1 perc\" \/>\n<script type=\"application\/ld+json\" class=\"yoast-schema-graph\">{\"@context\":\"https:\/\/schema.org\",\"@graph\":[{\"@type\":\"WebPage\",\"@id\":\"https:\/\/gombacska.hu\/\",\"url\":\"https:\/\/gombacska.hu\/\",\"name\":\"Kezd\u0151oldal - Gomb\u00e1cska\",\"isPartOf\":{\"@id\":\"https:\/\/gombacska.hu\/#website\"},\"datePublished\":\"2025-11-25T12:36:08+00:00\",\"dateModified\":\"2025-11-28T12:06:37+00:00\",\"breadcrumb\":{\"@id\":\"https:\/\/gombacska.hu\/#breadcrumb\"},\"inLanguage\":\"hu\",\"potentialAction\":[{\"@type\":\"ReadAction\",\"target\":[\"https:\/\/gombacska.hu\/\"]}]},{\"@type\":\"BreadcrumbList\",\"@id\":\"https:\/\/gombacska.hu\/#breadcrumb\",\"itemListElement\":[{\"@type\":\"ListItem\",\"position\":1,\"name\":\"Home\",\"item\":\"https:\/\/gombacska.hu\/\"},{\"@type\":\"ListItem\",\"position\":2,\"name\":\"Kezd\u0151oldal\"}]},{\"@type\":\"WebSite\",\"@id\":\"https:\/\/gombacska.hu\/#website\",\"url\":\"https:\/\/gombacska.hu\/\",\"name\":\"Gomb\u00e1cska\",\"description\":\"Csal\u00e1di szedd magad manufakt\u00fara\",\"potentialAction\":[{\"@type\":\"SearchAction\",\"target\":{\"@type\":\"EntryPoint\",\"urlTemplate\":\"https:\/\/gombacska.hu\/?s={search_term_string}\"},\"query-input\":{\"@type\":\"PropertyValueSpecification\",\"valueRequired\":true,\"valueName\":\"search_term_string\"}}],\"inLanguage\":\"hu\"}]}<\/script>\n<!-- \/ Yoast SEO plugin. -->","yoast_head_json":{"title":"Kezd\u0151oldal - Gomb\u00e1cska","robots":{"index":"index","follow":"follow","max-snippet":"max-snippet:-1","max-image-preview":"max-image-preview:large","max-video-preview":"max-video-preview:-1"},"canonical":"https:\/\/gombacska.hu\/","og_locale":"hu_HU","og_type":"article","og_title":"Kezd\u0151oldal - Gomb\u00e1cska","og_description":"A Gomb\u00e1cska egy csal\u00e1di v\u00e1llalkoz\u00e1s, melyet a term\u00e9szet \u00e9s a gomb\u00e1k ir\u00e1nti elk\u00f6telezetts\u00e9g h\u00edvott \u00e9letre. C\u00e9lunk az ismeretterjeszt\u00e9s, erre a legjobb alkalmak a szervezett t\u00far\u00e1k. Az ismeretterjeszt\u00e9s a gomba bevizsg\u00e1l\u00e1skor is jelen van, hiszen a gomba-szakellen\u0151r feladata, hogy a gomb\u00e1szokat hasznos tan\u00e1csokkal l\u00e1ssa el. Az oldal web\u00e1ruh\u00e1z r\u00e9sz\u00e9t azoknak hoztuk l\u00e9tre akiknek, nincs lehet\u0151s\u00e9g\u00fck gomb\u00e1szni [&hellip;]","og_url":"https:\/\/gombacska.hu\/","og_site_name":"Gomb\u00e1cska","article_modified_time":"2025-11-28T12:06:37+00:00","twitter_card":"summary_large_image","twitter_misc":{"Becs\u00fclt olvas\u00e1si id\u0151":"1 perc"},"schema":{"@context":"https:\/\/schema.org","@graph":[{"@type":"WebPage","@id":"https:\/\/gombacska.hu\/","url":"https:\/\/gombacska.hu\/","name":"Kezd\u0151oldal - Gomb\u00e1cska","isPartOf":{"@id":"https:\/\/gombacska.hu\/#website"},"datePublished":"2025-11-25T12:36:08+00:00","dateModified":"2025-11-28T12:06:37+00:00","breadcrumb":{"@id":"https:\/\/gombacska.hu\/#breadcrumb"},"inLanguage":"hu","potentialAction":[{"@type":"ReadAction","target":["https:\/\/gombacska.hu\/"]}]},{"@type":"BreadcrumbList","@id":"https:\/\/gombacska.hu\/#breadcrumb","itemListElement":[{"@type":"ListItem","position":1,"name":"Home","item":"https:\/\/gombacska.hu\/"},{"@type":"ListItem","position":2,"name":"Kezd\u0151oldal"}]},{"@type":"WebSite","@id":"https:\/\/gombacska.hu\/#website","url":"https:\/\/gombacska.hu\/","name":"Gomb\u00e1cska","description":"Csal\u00e1di szedd magad manufakt\u00fara","potentialAction":[{"@type":"SearchAction","target":{"@type":"EntryPoint","urlTemplate":"https:\/\/gombacska.hu\/?s={search_term_string}"},"query-input":{"@type":"PropertyValueSpecification","valueRequired":true,"valueName":"search_term_string"}}],"inLanguage":"hu"}]}},"_links":{"self":[{"href":"https:\/\/gombacska.hu\/index.php?rest_route=\/wp\/v2\/pages\/132","targetHints":{"allow":["GET"]}}],"collection":[{"href":"https:\/\/gombacska.hu\/index.php?rest_route=\/wp\/v2\/pages"}],"about":[{"href":"https:\/\/gombacska.hu\/index.php?rest_route=\/wp\/v2\/types\/page"}],"author":[{"embeddable":true,"href":"https:\/\/gombacska.hu\/index.php?rest_route=\/wp\/v2\/users\/1"}],"replies":[{"embeddable":true,"href":"https:\/\/gombacska.hu\/index.php?rest_route=%2Fwp%2Fv2%2Fcomments&post=132"}],"version-history":[{"count":32,"href":"https:\/\/gombacska.hu\/index.php?rest_route=\/wp\/v2\/pages\/132\/revisions"}],"predecessor-version":[{"id":242,"href":"https:\/\/gombacska.hu\/index.php?rest_route=\/wp\/v2\/pages\/132\/revisions\/242"}],"wp:attachment":[{"href":"https:\/\/gombacska.hu\/index.php?rest_route=%2Fwp%2Fv2%2Fmedia&parent=132"}],"curies":[{"name":"wp","href":"https:\/\/api.w.org\/{rel}","templated":true}]}}